{"id":17,"date":"2025-08-05T16:44:43","date_gmt":"2025-08-05T14:44:43","guid":{"rendered":"http:\/\/lanimalenville.com\/index.php\/about\/"},"modified":"2025-10-09T11:35:33","modified_gmt":"2025-10-09T09:35:33","slug":"notre-association","status":"publish","type":"page","link":"https:\/\/lanimalenville.com\/index.php\/notre-association\/","title":{"rendered":"Notre association"},"content":{"rendered":"\t\t<div data-elementor-type=\"wp-page\" data-elementor-id=\"17\" class=\"elementor elementor-17\">\n\t\t\t\t<div class=\"elementor-element elementor-element-19a579a e-con-full e-flex e-con e-parent\" data-id=\"19a579a\" data-element_type=\"container\" data-settings=\"{&quot;shape_divider_bottom&quot;:&quot;wave-brush&quot;}\">\n\t\t\t\t<div class=\"elementor-shape elementor-shape-bottom\" aria-hidden=\"true\" data-negative=\"false\">\n\t\t\t<svg xmlns=\"http:\/\/www.w3.org\/2000\/svg\" viewBox=\"0 0 283.5 27.8\" preserveAspectRatio=\"none\">\n\t<path class=\"elementor-shape-fill\" d=\"M283.5,9.7c0,0-7.3,4.3-14,4.6c-6.8,0.3-12.6,0-20.9-1.5c-11.3-2-33.1-10.1-44.7-5.7\ts-12.1,4.6-18,7.4c-6.6,3.2-20,9.6-36.6,9.3C131.6,23.5,99.5,7.2,86.3,8c-1.4,0.1-6.6,0.8-10.5,2c-3.8,1.2-9.4,3.8-17,4.7\tc-3.2,0.4-8.3,1.1-14.2,0.9c-1.5-0.1-6.3-0.4-12-1.6c-5.7-1.2-11-3.1-15.8-3.7C6.5,9.2,0,10.8,0,10.8V0h283.5V9.7z M260.8,11.3\tc-0.7-1-2-0.4-4.3-0.4c-2.3,0-6.1-1.2-5.8-1.1c0.3,0.1,3.1,1.5,6,1.9C259.7,12.2,261.4,12.3,260.8,11.3z M242.4,8.6\tc0,0-2.4-0.2-5.6-0.9c-3.2-0.8-10.3-2.8-15.1-3.5c-8.2-1.1-15.8,0-15.1,0.1c0.8,0.1,9.6-0.6,17.6,1.1c3.3,0.7,9.3,2.2,12.4,2.7\tC239.9,8.7,242.4,8.6,242.4,8.6z M185.2,8.5c1.7-0.7-13.3,4.7-18.5,6.1c-2.1,0.6-6.2,1.6-10,2c-3.9,0.4-8.9,0.4-8.8,0.5\tc0,0.2,5.8,0.8,11.2,0c5.4-0.8,5.2-1.1,7.6-1.6C170.5,14.7,183.5,9.2,185.2,8.5z M199.1,6.9c0.2,0-0.8-0.4-4.8,1.1\tc-4,1.5-6.7,3.5-6.9,3.7c-0.2,0.1,3.5-1.8,6.6-3C197,7.5,199,6.9,199.1,6.9z M283,6c-0.1,0.1-1.9,1.1-4.8,2.5s-6.9,2.8-6.7,2.7\tc0.2,0,3.5-0.6,7.4-2.5C282.8,6.8,283.1,5.9,283,6z M31.3,11.6c0.1-0.2-1.9-0.2-4.5-1.2s-5.4-1.6-7.8-2C15,7.6,7.3,8.5,7.7,8.6\tC8,8.7,15.9,8.3,20.2,9.3c2.2,0.5,2.4,0.5,5.7,1.6S31.2,11.9,31.3,11.6z M73,9.2c0.4-0.1,3.5-1.6,8.4-2.6c4.9-1.1,8.9-0.5,8.9-0.8\tc0-0.3-1-0.9-6.2-0.3S72.6,9.3,73,9.2z M71.6,6.7C71.8,6.8,75,5.4,77.3,5c2.3-0.3,1.9-0.5,1.9-0.6c0-0.1-1.1-0.2-2.7,0.2\tC74.8,5.1,71.4,6.6,71.6,6.7z M93.6,4.4c0.1,0.2,3.5,0.8,5.6,1.8c2.1,1,1.8,0.6,1.9,0.5c0.1-0.1-0.8-0.8-2.4-1.3\tC97.1,4.8,93.5,4.2,93.6,4.4z M65.4,11.1c-0.1,0.3,0.3,0.5,1.9-0.2s2.6-1.3,2.2-1.2s-0.9,0.4-2.5,0.8C65.3,10.9,65.5,10.8,65.4,11.1\tz M34.5,12.4c-0.2,0,2.1,0.8,3.3,0.9c1.2,0.1,2,0.1,2-0.2c0-0.3-0.1-0.5-1.6-0.4C36.6,12.8,34.7,12.4,34.5,12.4z M152.2,21.1\tc-0.1,0.1-2.4-0.3-7.5-0.3c-5,0-13.6-2.4-17.2-3.5c-3.6-1.1,10,3.9,16.5,4.1C150.5,21.6,152.3,21,152.2,21.1z\"\/>\n\t<path class=\"elementor-shape-fill\" d=\"M269.6,18c-0.1-0.1-4.6,0.3-7.2,0c-7.3-0.7-17-3.2-16.6-2.9c0.4,0.3,13.7,3.1,17,3.3\tC267.7,18.8,269.7,18,269.6,18z\"\/>\n\t<path class=\"elementor-shape-fill\" d=\"M227.4,9.8c-0.2-0.1-4.5-1-9.5-1.2c-5-0.2-12.7,0.6-12.3,0.5c0.3-0.1,5.9-1.8,13.3-1.2\tS227.6,9.9,227.4,9.8z\"\/>\n\t<path class=\"elementor-shape-fill\" d=\"M204.5,13.4c-0.1-0.1,2-1,3.2-1.1c1.2-0.1,2,0,2,0.3c0,0.3-0.1,0.5-1.6,0.4\tC206.4,12.9,204.6,13.5,204.5,13.4z\"\/>\n\t<path class=\"elementor-shape-fill\" d=\"M201,10.6c0-0.1-4.4,1.2-6.3,2.2c-1.9,0.9-6.2,3.1-6.1,3.1c0.1,0.1,4.2-1.6,6.3-2.6\tS201,10.7,201,10.6z\"\/>\n\t<path class=\"elementor-shape-fill\" d=\"M154.5,26.7c-0.1-0.1-4.6,0.3-7.2,0c-7.3-0.7-17-3.2-16.6-2.9c0.4,0.3,13.7,3.1,17,3.3\tC152.6,27.5,154.6,26.8,154.5,26.7z\"\/>\n\t<path class=\"elementor-shape-fill\" d=\"M41.9,19.3c0,0,1.2-0.3,2.9-0.1c1.7,0.2,5.8,0.9,8.2,0.7c4.2-0.4,7.4-2.7,7-2.6\tc-0.4,0-4.3,2.2-8.6,1.9c-1.8-0.1-5.1-0.5-6.7-0.4S41.9,19.3,41.9,19.3z\"\/>\n\t<path class=\"elementor-shape-fill\" d=\"M75.5,12.6c0.2,0.1,2-0.8,4.3-1.1c2.3-0.2,2.1-0.3,2.1-0.5c0-0.1-1.8-0.4-3.4,0\tC76.9,11.5,75.3,12.5,75.5,12.6z\"\/>\n\t<path class=\"elementor-shape-fill\" d=\"M15.6,13.2c0-0.1,4.3,0,6.7,0.5c2.4,0.5,5,1.9,5,2c0,0.1-2.7-0.8-5.1-1.4\tC19.9,13.7,15.7,13.3,15.6,13.2z\"\/>\n<\/svg>\t\t<\/div>\n\t\t\t\t<div class=\"elementor-element elementor-element-d2de128 elementor-widget elementor-widget-heading\" data-id=\"d2de128\" data-element_type=\"widget\" data-widget_type=\"heading.default\">\n\t\t\t\t\t<h2 class=\"elementor-heading-title elementor-size-default\">Qui sommes-nous ?<\/h2>\t\t\t\t<\/div>\n\t\t\t\t<\/div>\n\t\t<div class=\"elementor-element elementor-element-98eed74 e-con-full e-flex e-con e-parent\" data-id=\"98eed74\" data-element_type=\"container\">\n\t\t<div class=\"elementor-element elementor-element-6c6421b e-con-full e-flex e-con e-child\" data-id=\"6c6421b\" data-element_type=\"container\">\n\t\t\t\t<div class=\"elementor-element elementor-element-830922d elementor-widget elementor-widget-image\" data-id=\"830922d\" data-element_type=\"widget\" data-widget_type=\"image.default\">\n\t\t\t\t\t\t\t\t\t\t\t\t\t\t\t<img fetchpriority=\"high\" decoding=\"async\" width=\"743\" height=\"2560\" src=\"https:\/\/lanimalenville.com\/wp-content\/uploads\/2025\/08\/Design-sans-titre-1-1-scaled.png\" class=\"attachment-full size-full wp-image-198\" alt=\"\" srcset=\"https:\/\/lanimalenville.com\/wp-content\/uploads\/2025\/08\/Design-sans-titre-1-1-scaled.png 743w, https:\/\/lanimalenville.com\/wp-content\/uploads\/2025\/08\/Design-sans-titre-1-1-87x300.png 87w, https:\/\/lanimalenville.com\/wp-content\/uploads\/2025\/08\/Design-sans-titre-1-1-297x1024.png 297w, https:\/\/lanimalenville.com\/wp-content\/uploads\/2025\/08\/Design-sans-titre-1-1-768x2646.png 768w, https:\/\/lanimalenville.com\/wp-content\/uploads\/2025\/08\/Design-sans-titre-1-1-446x1536.png 446w, https:\/\/lanimalenville.com\/wp-content\/uploads\/2025\/08\/Design-sans-titre-1-1-594x2048.png 594w\" sizes=\"(max-width: 743px) 100vw, 743px\" \/>\t\t\t\t\t\t\t\t\t\t\t\t\t\t\t<\/div>\n\t\t\t\t<\/div>\n\t\t<div class=\"elementor-element elementor-element-119fc1c e-con-full e-flex e-con e-child\" data-id=\"119fc1c\" data-element_type=\"container\">\n\t\t\t\t<div class=\"elementor-element elementor-element-b11633f elementor-widget elementor-widget-heading\" data-id=\"b11633f\" data-element_type=\"widget\" data-widget_type=\"heading.default\">\n\t\t\t\t\t<h2 class=\"elementor-heading-title elementor-size-default\">L\u2019Animal en Ville est une association loi 1901 \u00e0 but non lucratif, fond\u00e9e en 2019 et bas\u00e9e \u00e0 Neuilly-sur-Marne. Sa mission est d\u2019aider les animaux en d\u00e9tresse et de sensibiliser au respect de la vie.<\/h2>\t\t\t\t<\/div>\n\t\t\t\t<div class=\"elementor-element elementor-element-1aaf675 elementor-widget elementor-widget-text-editor\" data-id=\"1aaf675\" data-element_type=\"widget\" data-widget_type=\"text-editor.default\">\n\t\t\t\t\t\t\t\t\t<p>Contrairement \u00e0 d\u2019autres associations disposant de refuges, L\u2019Animal en Ville s\u2019appuie sur un r\u00e9seau de familles d\u2019accueil b\u00e9n\u00e9voles pour h\u00e9berger les animaux sauv\u00e9s de la rue. Ces familles prennent soin aussi bien d\u2019animaux domestiques que de chats errants st\u00e9rilis\u00e9s, contribuant ainsi \u00e0 leur protection et leur r\u00e9insertion.<\/p><p>Quatre types de familles d\u2019accueil existent selon les besoins :<\/p><ul><li>Familles pour chats domestiques<\/li><li>Familles pour chats errants et sauvages<\/li><li>Familles pour lapins<\/li><li>Familles pour perruches<\/li><\/ul><p>Pour en savoir plus sur ces familles d\u2019accueil et leur r\u00f4le,\u00a0<a href=\"https:\/\/lanimalenville.com\/index.php\/devenir-famille-daccueil\/\"><u>cliquez ici<\/u><\/a>.<\/p><p>Il est \u00e9galement possible d\u2019adopter ces animaux. Chaque adoption suit une proc\u00e9dure sp\u00e9cifique, avec un contrat adapt\u00e9 \u00e0 l\u2019esp\u00e8ce et aux besoins de l\u2019animal, afin d\u2019assurer un cadre responsable et protecteur.<\/p><p>Pour d\u00e9couvrir les modalit\u00e9s d\u2019adoption,\u00a0<a href=\"https:\/\/lanimalenville.com\/index.php\/adopter\/\"><u>cliquez ici<\/u><\/a>.<\/p>\t\t\t\t\t\t\t\t<\/div>\n\t\t\t\t<\/div>\n\t\t\t\t<\/div>\n\t\t\t\t<\/div>\n\t\t","protected":false},"excerpt":{"rendered":"<p>Qui sommes-nous ? L\u2019Animal en Ville est une association loi 1901 \u00e0 but non lucratif, fond\u00e9e en 2019 et bas\u00e9e \u00e0 Neuilly-sur-Marne. Sa mission est d\u2019aider les animaux en d\u00e9tresse et de sensibiliser au respect de la vie. Contrairement \u00e0 d\u2019autres associations disposant de refuges, L\u2019Animal en Ville s\u2019appuie sur un r\u00e9seau de familles d\u2019accueil [&hellip;]<\/p>\n","protected":false},"author":1,"featured_media":0,"parent":0,"menu_order":0,"comment_status":"closed","ping_status":"closed","template":"elementor_header_footer","meta":{"_eb_attr":"","ocean_post_layout":"","ocean_both_sidebars_style":"","ocean_both_sidebars_content_width":0,"ocean_both_sidebars_sidebars_width":0,"ocean_sidebar":"","ocean_second_sidebar":"","ocean_disable_margins":"enable","ocean_add_body_class":"","ocean_shortcode_before_top_bar":"","ocean_shortcode_after_top_bar":"","ocean_shortcode_before_header":"","ocean_shortcode_after_header":"","ocean_has_shortcode":"","ocean_shortcode_after_title":"","ocean_shortcode_before_footer_widgets":"","ocean_shortcode_after_footer_widgets":"","ocean_shortcode_before_footer_bottom":"","ocean_shortcode_after_footer_bottom":"","ocean_display_top_bar":"default","ocean_display_header":"default","ocean_header_style":"","ocean_center_header_left_menu":"","ocean_custom_header_template":"","ocean_custom_logo":0,"ocean_custom_retina_logo":0,"ocean_custom_logo_max_width":0,"ocean_custom_logo_tablet_max_width":0,"ocean_custom_logo_mobile_max_width":0,"ocean_custom_logo_max_height":0,"ocean_custom_logo_tablet_max_height":0,"ocean_custom_logo_mobile_max_height":0,"ocean_header_custom_menu":"","ocean_menu_typo_font_family":"","ocean_menu_typo_font_subset":"","ocean_menu_typo_font_size":0,"ocean_menu_typo_font_size_tablet":0,"ocean_menu_typo_font_size_mobile":0,"ocean_menu_typo_font_size_unit":"px","ocean_menu_typo_font_weight":"","ocean_menu_typo_font_weight_tablet":"","ocean_menu_typo_font_weight_mobile":"","ocean_menu_typo_transform":"","ocean_menu_typo_transform_tablet":"","ocean_menu_typo_transform_mobile":"","ocean_menu_typo_line_height":0,"ocean_menu_typo_line_height_tablet":0,"ocean_menu_typo_line_height_mobile":0,"ocean_menu_typo_line_height_unit":"","ocean_menu_typo_spacing":0,"ocean_menu_typo_spacing_tablet":0,"ocean_menu_typo_spacing_mobile":0,"ocean_menu_typo_spacing_unit":"","ocean_menu_link_color":"","ocean_menu_link_color_hover":"","ocean_menu_link_color_active":"","ocean_menu_link_background":"","ocean_menu_link_hover_background":"","ocean_menu_link_active_background":"","ocean_menu_social_links_bg":"","ocean_menu_social_hover_links_bg":"","ocean_menu_social_links_color":"","ocean_menu_social_hover_links_color":"","ocean_disable_title":"default","ocean_disable_heading":"default","ocean_post_title":"","ocean_post_subheading":"","ocean_post_title_style":"","ocean_post_title_background_color":"","ocean_post_title_background":0,"ocean_post_title_bg_image_position":"","ocean_post_title_bg_image_attachment":"","ocean_post_title_bg_image_repeat":"","ocean_post_title_bg_image_size":"","ocean_post_title_height":0,"ocean_post_title_bg_overlay":0.5,"ocean_post_title_bg_overlay_color":"","ocean_disable_breadcrumbs":"default","ocean_breadcrumbs_color":"","ocean_breadcrumbs_separator_color":"","ocean_breadcrumbs_links_color":"","ocean_breadcrumbs_links_hover_color":"","ocean_display_footer_widgets":"default","ocean_display_footer_bottom":"default","ocean_custom_footer_template":"","footnotes":""},"class_list":["post-17","page","type-page","status-publish","hentry","entry"],"yoast_head":"<!-- This site is optimized with the Yoast SEO plugin v26.6 - https:\/\/yoast.com\/wordpress\/plugins\/seo\/ -->\n<title>Notre association - L Animal en Ville<\/title>\n<meta name=\"robots\" content=\"index, follow, max-snippet:-1, max-image-preview:large, max-video-preview:-1\" \/>\n<link rel=\"canonical\" href=\"https:\/\/lanimalenville.com\/index.php\/notre-association\/\" \/>\n<meta property=\"og:locale\" content=\"fr_FR\" \/>\n<meta property=\"og:type\" content=\"article\" \/>\n<meta property=\"og:title\" content=\"Notre association - L Animal en Ville\" \/>\n<meta property=\"og:description\" content=\"Qui sommes-nous ? L\u2019Animal en Ville est une association loi 1901 \u00e0 but non lucratif, fond\u00e9e en 2019 et bas\u00e9e \u00e0 Neuilly-sur-Marne. Sa mission est d\u2019aider les animaux en d\u00e9tresse et de sensibiliser au respect de la vie. Contrairement \u00e0 d\u2019autres associations disposant de refuges, L\u2019Animal en Ville s\u2019appuie sur un r\u00e9seau de familles d\u2019accueil [&hellip;]\" \/>\n<meta property=\"og:url\" content=\"https:\/\/lanimalenville.com\/index.php\/notre-association\/\" \/>\n<meta property=\"og:site_name\" content=\"L Animal en Ville\" \/>\n<meta property=\"article:modified_time\" content=\"2025-10-09T09:35:33+00:00\" \/>\n<meta property=\"og:image\" content=\"https:\/\/lanimalenville.com\/wp-content\/uploads\/2025\/08\/Design-sans-titre-1-1-297x1024.png\" \/>\n\t<meta property=\"og:image:width\" content=\"297\" \/>\n\t<meta property=\"og:image:height\" content=\"1024\" \/>\n\t<meta property=\"og:image:type\" content=\"image\/png\" \/>\n<meta name=\"twitter:card\" content=\"summary_large_image\" \/>\n<meta name=\"twitter:label1\" content=\"Dur\u00e9e de lecture estim\u00e9e\" \/>\n\t<meta name=\"twitter:data1\" content=\"1 minute\" \/>\n<script type=\"application\/ld+json\" class=\"yoast-schema-graph\">{\"@context\":\"https:\/\/schema.org\",\"@graph\":[{\"@type\":\"WebPage\",\"@id\":\"https:\/\/lanimalenville.com\/index.php\/notre-association\/\",\"url\":\"https:\/\/lanimalenville.com\/index.php\/notre-association\/\",\"name\":\"Notre association - L Animal en Ville\",\"isPartOf\":{\"@id\":\"https:\/\/lanimalenville.com\/#website\"},\"primaryImageOfPage\":{\"@id\":\"https:\/\/lanimalenville.com\/index.php\/notre-association\/#primaryimage\"},\"image\":{\"@id\":\"https:\/\/lanimalenville.com\/index.php\/notre-association\/#primaryimage\"},\"thumbnailUrl\":\"https:\/\/lanimalenville.com\/wp-content\/uploads\/2025\/08\/Design-sans-titre-1-1-scaled.png\",\"datePublished\":\"2025-08-05T14:44:43+00:00\",\"dateModified\":\"2025-10-09T09:35:33+00:00\",\"breadcrumb\":{\"@id\":\"https:\/\/lanimalenville.com\/index.php\/notre-association\/#breadcrumb\"},\"inLanguage\":\"fr-FR\",\"potentialAction\":[{\"@type\":\"ReadAction\",\"target\":[\"https:\/\/lanimalenville.com\/index.php\/notre-association\/\"]}]},{\"@type\":\"ImageObject\",\"inLanguage\":\"fr-FR\",\"@id\":\"https:\/\/lanimalenville.com\/index.php\/notre-association\/#primaryimage\",\"url\":\"https:\/\/lanimalenville.com\/wp-content\/uploads\/2025\/08\/Design-sans-titre-1-1-scaled.png\",\"contentUrl\":\"https:\/\/lanimalenville.com\/wp-content\/uploads\/2025\/08\/Design-sans-titre-1-1-scaled.png\",\"width\":743,\"height\":2560},{\"@type\":\"BreadcrumbList\",\"@id\":\"https:\/\/lanimalenville.com\/index.php\/notre-association\/#breadcrumb\",\"itemListElement\":[{\"@type\":\"ListItem\",\"position\":1,\"name\":\"Accueil\",\"item\":\"https:\/\/lanimalenville.com\/\"},{\"@type\":\"ListItem\",\"position\":2,\"name\":\"Notre association\"}]},{\"@type\":\"WebSite\",\"@id\":\"https:\/\/lanimalenville.com\/#website\",\"url\":\"https:\/\/lanimalenville.com\/\",\"name\":\"L Animal en Ville\",\"description\":\"Association de protection animale\",\"publisher\":{\"@id\":\"https:\/\/lanimalenville.com\/#organization\"},\"potentialAction\":[{\"@type\":\"SearchAction\",\"target\":{\"@type\":\"EntryPoint\",\"urlTemplate\":\"https:\/\/lanimalenville.com\/?s={search_term_string}\"},\"query-input\":{\"@type\":\"PropertyValueSpecification\",\"valueRequired\":true,\"valueName\":\"search_term_string\"}}],\"inLanguage\":\"fr-FR\"},{\"@type\":\"Organization\",\"@id\":\"https:\/\/lanimalenville.com\/#organization\",\"name\":\"L Animal en Ville\",\"url\":\"https:\/\/lanimalenville.com\/\",\"logo\":{\"@type\":\"ImageObject\",\"inLanguage\":\"fr-FR\",\"@id\":\"https:\/\/lanimalenville.com\/#\/schema\/logo\/image\/\",\"url\":\"https:\/\/lanimalenville.com\/wp-content\/uploads\/2025\/08\/logo-AEV.0-Bleu-orange.jpg.jpeg\",\"contentUrl\":\"https:\/\/lanimalenville.com\/wp-content\/uploads\/2025\/08\/logo-AEV.0-Bleu-orange.jpg.jpeg\",\"width\":302,\"height\":360,\"caption\":\"L Animal en Ville\"},\"image\":{\"@id\":\"https:\/\/lanimalenville.com\/#\/schema\/logo\/image\/\"}}]}<\/script>\n<!-- \/ Yoast SEO plugin. -->","yoast_head_json":{"title":"Notre association - L Animal en Ville","robots":{"index":"index","follow":"follow","max-snippet":"max-snippet:-1","max-image-preview":"max-image-preview:large","max-video-preview":"max-video-preview:-1"},"canonical":"https:\/\/lanimalenville.com\/index.php\/notre-association\/","og_locale":"fr_FR","og_type":"article","og_title":"Notre association - L Animal en Ville","og_description":"Qui sommes-nous ? L\u2019Animal en Ville est une association loi 1901 \u00e0 but non lucratif, fond\u00e9e en 2019 et bas\u00e9e \u00e0 Neuilly-sur-Marne. Sa mission est d\u2019aider les animaux en d\u00e9tresse et de sensibiliser au respect de la vie. Contrairement \u00e0 d\u2019autres associations disposant de refuges, L\u2019Animal en Ville s\u2019appuie sur un r\u00e9seau de familles d\u2019accueil [&hellip;]","og_url":"https:\/\/lanimalenville.com\/index.php\/notre-association\/","og_site_name":"L Animal en Ville","article_modified_time":"2025-10-09T09:35:33+00:00","og_image":[{"width":297,"height":1024,"url":"https:\/\/lanimalenville.com\/wp-content\/uploads\/2025\/08\/Design-sans-titre-1-1-297x1024.png","type":"image\/png"}],"twitter_card":"summary_large_image","twitter_misc":{"Dur\u00e9e de lecture estim\u00e9e":"1 minute"},"schema":{"@context":"https:\/\/schema.org","@graph":[{"@type":"WebPage","@id":"https:\/\/lanimalenville.com\/index.php\/notre-association\/","url":"https:\/\/lanimalenville.com\/index.php\/notre-association\/","name":"Notre association - L Animal en Ville","isPartOf":{"@id":"https:\/\/lanimalenville.com\/#website"},"primaryImageOfPage":{"@id":"https:\/\/lanimalenville.com\/index.php\/notre-association\/#primaryimage"},"image":{"@id":"https:\/\/lanimalenville.com\/index.php\/notre-association\/#primaryimage"},"thumbnailUrl":"https:\/\/lanimalenville.com\/wp-content\/uploads\/2025\/08\/Design-sans-titre-1-1-scaled.png","datePublished":"2025-08-05T14:44:43+00:00","dateModified":"2025-10-09T09:35:33+00:00","breadcrumb":{"@id":"https:\/\/lanimalenville.com\/index.php\/notre-association\/#breadcrumb"},"inLanguage":"fr-FR","potentialAction":[{"@type":"ReadAction","target":["https:\/\/lanimalenville.com\/index.php\/notre-association\/"]}]},{"@type":"ImageObject","inLanguage":"fr-FR","@id":"https:\/\/lanimalenville.com\/index.php\/notre-association\/#primaryimage","url":"https:\/\/lanimalenville.com\/wp-content\/uploads\/2025\/08\/Design-sans-titre-1-1-scaled.png","contentUrl":"https:\/\/lanimalenville.com\/wp-content\/uploads\/2025\/08\/Design-sans-titre-1-1-scaled.png","width":743,"height":2560},{"@type":"BreadcrumbList","@id":"https:\/\/lanimalenville.com\/index.php\/notre-association\/#breadcrumb","itemListElement":[{"@type":"ListItem","position":1,"name":"Accueil","item":"https:\/\/lanimalenville.com\/"},{"@type":"ListItem","position":2,"name":"Notre association"}]},{"@type":"WebSite","@id":"https:\/\/lanimalenville.com\/#website","url":"https:\/\/lanimalenville.com\/","name":"L Animal en Ville","description":"Association de protection animale","publisher":{"@id":"https:\/\/lanimalenville.com\/#organization"},"potentialAction":[{"@type":"SearchAction","target":{"@type":"EntryPoint","urlTemplate":"https:\/\/lanimalenville.com\/?s={search_term_string}"},"query-input":{"@type":"PropertyValueSpecification","valueRequired":true,"valueName":"search_term_string"}}],"inLanguage":"fr-FR"},{"@type":"Organization","@id":"https:\/\/lanimalenville.com\/#organization","name":"L Animal en Ville","url":"https:\/\/lanimalenville.com\/","logo":{"@type":"ImageObject","inLanguage":"fr-FR","@id":"https:\/\/lanimalenville.com\/#\/schema\/logo\/image\/","url":"https:\/\/lanimalenville.com\/wp-content\/uploads\/2025\/08\/logo-AEV.0-Bleu-orange.jpg.jpeg","contentUrl":"https:\/\/lanimalenville.com\/wp-content\/uploads\/2025\/08\/logo-AEV.0-Bleu-orange.jpg.jpeg","width":302,"height":360,"caption":"L Animal en Ville"},"image":{"@id":"https:\/\/lanimalenville.com\/#\/schema\/logo\/image\/"}}]}},"_links":{"self":[{"href":"https:\/\/lanimalenville.com\/index.php\/wp-json\/wp\/v2\/pages\/17","targetHints":{"allow":["GET"]}}],"collection":[{"href":"https:\/\/lanimalenville.com\/index.php\/wp-json\/wp\/v2\/pages"}],"about":[{"href":"https:\/\/lanimalenville.com\/index.php\/wp-json\/wp\/v2\/types\/page"}],"author":[{"embeddable":true,"href":"https:\/\/lanimalenville.com\/index.php\/wp-json\/wp\/v2\/users\/1"}],"replies":[{"embeddable":true,"href":"https:\/\/lanimalenville.com\/index.php\/wp-json\/wp\/v2\/comments?post=17"}],"version-history":[{"count":33,"href":"https:\/\/lanimalenville.com\/index.php\/wp-json\/wp\/v2\/pages\/17\/revisions"}],"predecessor-version":[{"id":1092,"href":"https:\/\/lanimalenville.com\/index.php\/wp-json\/wp\/v2\/pages\/17\/revisions\/1092"}],"wp:attachment":[{"href":"https:\/\/lanimalenville.com\/index.php\/wp-json\/wp\/v2\/media?parent=17"}],"curies":[{"name":"wp","href":"https:\/\/api.w.org\/{rel}","templated":true}]}}